{"id":993,"date":"2023-10-27T20:28:58","date_gmt":"2023-10-27T18:28:58","guid":{"rendered":"http:\/\/www.farum.it\/lectures\/?page_id=993"},"modified":"2023-11-10T10:01:45","modified_gmt":"2023-11-10T09:01:45","slug":"carnets-de-lecture-n-50","status":"publish","type":"page","link":"http:\/\/www.farum.it\/lectures\/carnets-de-lecture-n-50\/","title":{"rendered":"Carnets de lecture n.50"},"content":{"rendered":"\n<figure class=\"wp-block-image\"><img decoding=\"async\" src=\"https:\/\/lh7-us.googleusercontent.com\/higwkUkVhk2RCw8daAqLESk24ONAHFuedQTVMOr63BP3mAZ-t_M2UKDb6YIEPgeYSuUEqsu0z18ipPjioP1f71qkK6RK1IZGdkrvGEopfJ2L6JHnnkBS6q1MYgEOJ7WMR-tM9e8pQ4lr_gBEc3Ti9g\" alt=\"\"\/><\/figure>\n\n\n\n<figure class=\"wp-block-image\"><img decoding=\"async\" src=\"https:\/\/lh7-us.googleusercontent.com\/al0Vrfcqfte1yU5vW8FbaXNZEBV1EeZjbCXIo63r4ujrlUvuwALlvsUKFJ1-nPKuWkM84JzJuhhY_yO0T3bU1L6Bmk91RFP1sZZ7Pyu9n9uttgo0UKiJy1j-lKaH5LTQsXRA7LqgYX75dC7Xj72oYQ\" alt=\"\"\/><\/figure>\n\n\n\n<figure class=\"wp-block-image\"><img decoding=\"async\" src=\"https:\/\/lh7-us.googleusercontent.com\/Es-6soYiANtgNosF_7qy4qzSPhydIZ6KPX_kA-YbvXjohnzE3vktaCZYetLvuooRO_2JEiQRoYIJwgvl2OCKmmDI4-XGyP-vRk1I3efTXjaKOJhisox0qwgW3PKF3RtExkjtlUNiVR1QoawrHjbeCg\" alt=\"\"\/><\/figure>\n\n\n\n<figure class=\"wp-block-image\"><img decoding=\"async\" src=\"https:\/\/lh7-us.googleusercontent.com\/K7szvu8e717_gnuXiOUnrAU6snVlzzSwxmY0jJiiDweSKas2E3L6DRcU5UJzRksn4yfdmcQxoP4HPSXmvUuskwYmNfoLDEJYcO4RX4aybLAboHaA31h4CToOLlVu3UCrNPuHGoC9c9_GYdAikvtlYw\" alt=\"\"\/><\/figure>\n\n\n\n<figure class=\"wp-block-image\"><img decoding=\"async\" src=\"https:\/\/lh7-us.googleusercontent.com\/R0oG_2_-NHrmXbcTSoU6U7HINJ-Hl3drrMts-98luOj-rk6bH8eHU4n4kh1U0MuHf6gO4EijOAQ5D_k56hP3WytMMKsdNbpY1Xy_BYr55KKPQk7f8kr8CVloPHTMr0OOrFjOdRUNMY6sA5tkKgxUyw\" alt=\"\"\/><\/figure>\n\n\n\n<figure class=\"wp-block-image\"><img decoding=\"async\" src=\"https:\/\/lh7-us.googleusercontent.com\/t61nTNk7j4luSDoWt5DFfVOoHDlRjwPcecGTgfCGoyJItuuH9CPL72aZ3-7HTcSCcFYQe9oWiSm9MKNlxQ7z3FRN-zp-BkMSl2WUp1LFw3Y3rAa496FdYVAMV0HvO-WbgMBfd4g2ju099oBh-Diaww\" alt=\"\"\/><\/figure>\n\n\n\n<p><em>\u00c0 l\u2019occasion de la parution du n\u00b0 50, l\u2019\u00e9quipe des <\/em><a href=\"http:\/\/www.farum.it\/lectures\/\"><em>Carnets de lecture<\/em><\/a><em> de Publif@rum&nbsp;<\/em><\/p>\n\n\n\n<p><em>&nbsp;vous invite \u00e0 la visio-conf\u00e9rence:<\/em><\/p>\n\n\n\n<p><strong><em>Linguistique fran\u00e7aise, \u00e9dition, diffusion : France et Italie, regards crois\u00e9s<\/em><\/strong><\/p>\n\n\n\n<p>10 novembre 2023<\/p>\n\n\n\n<p>Pour participer \u00e0 la visio-conf\u00e9rence : <\/p>\n\n\n\n<p><a href=\"https:\/\/us02web.zoom.us\/j\/5140913867?pwd=U1JwRHQ4Ukl1L0ZLdmgvZTJCQnU1UT09\">https:\/\/us02web.zoom.us\/j\/5140913867?pwd=U1JwRHQ4Ukl1L0ZLdmgvZTJCQnU1UT09<\/a><\/p>\n\n\n\n<p>Ore 9.30 &#8211; Accueil &#8211; Pr\u00e9sentation des Carnets<\/p>\n\n\n\n<p>&nbsp;&nbsp;&nbsp;&nbsp;&nbsp;&nbsp;&nbsp;&nbsp;&nbsp;&nbsp;&nbsp;&nbsp;&nbsp;&nbsp;&nbsp;&nbsp;&nbsp;<em>Paola Paissa<\/em><\/p>\n\n\n\n<p>Ore 9.45 &#8211; Diriger des collections et revues en France&nbsp;<\/p>\n\n\n\n<p>&nbsp;&nbsp;&nbsp;&nbsp;&nbsp;&nbsp;&nbsp;&nbsp;&nbsp;&nbsp;&nbsp;&nbsp;&nbsp;&nbsp;&nbsp;&nbsp;&nbsp;<em>Christine Jacquet-Pfau<\/em><\/p>\n\n\n\n<p>Ore 10.05 &#8211; Diriger des collections et revues en France&nbsp;<\/p>\n\n\n\n<p>&nbsp;&nbsp;&nbsp;&nbsp;&nbsp;&nbsp;&nbsp;&nbsp;&nbsp;&nbsp;&nbsp;&nbsp;&nbsp;&nbsp;&nbsp;&nbsp;&nbsp;&nbsp;&nbsp;<em>Franck Neveu&nbsp;<\/em><\/p>\n\n\n\n<p>Ore 10.25 &#8211; Diffuser la linguistique fran\u00e7aise en Italie : la collection&nbsp;<em>Traduco<\/em>&nbsp;<\/p>\n\n\n\n<p>&nbsp;&nbsp;&nbsp;&nbsp;&nbsp;&nbsp;&nbsp;&nbsp;&nbsp;&nbsp;&nbsp;&nbsp;&nbsp;&nbsp;&nbsp;&nbsp;&nbsp;&nbsp;&nbsp;<em>Rachele Raus<\/em><\/p>\n\n\n\n<p>Ore 10.45 &#8211;&nbsp; L\u2019exp\u00e9rience de L\u2019Harmattan Italia. 1995-2023<\/p>\n\n\n\n<p>&nbsp;&nbsp;&nbsp;&nbsp;&nbsp;&nbsp;&nbsp;&nbsp;&nbsp;&nbsp;&nbsp;&nbsp;&nbsp;&nbsp;&nbsp;&nbsp;&nbsp;&nbsp;&nbsp;<em>Elisa Pelizzari<\/em><\/p>\n\n\n\n<p>Ore 11.05 &#8211; L\u2019activit\u00e9 des Carnets &#8211; quelques donn\u00e9es&nbsp;<\/p>\n\n\n\n<p>&nbsp;&nbsp;&nbsp;&nbsp;&nbsp;&nbsp;&nbsp;&nbsp;&nbsp;&nbsp;&nbsp;&nbsp;&nbsp;&nbsp;&nbsp;&nbsp;&nbsp;&nbsp;&nbsp;<em>Micaela Rossi<\/em><\/p>\n\n\n\n<p>Ore 11.15 &#8211; Le Service de Presse<\/p>\n\n\n\n<p>&nbsp;&nbsp;&nbsp;&nbsp;&nbsp;&nbsp;&nbsp;&nbsp;&nbsp;&nbsp;&nbsp;&nbsp;&nbsp;&nbsp;&nbsp;&nbsp;&nbsp;&nbsp;<em>Chiara Preite<\/em><\/p>\n\n\n\n<p>Ore 11.25 &#8211; La R\u00e9daction des Carnets&nbsp;<\/p>\n\n\n\n<p>&nbsp;&nbsp;&nbsp;&nbsp;&nbsp;&nbsp;<em>Ilaria Cennamo<\/em><\/p>\n\n\n\n<p>Ore 11.35 &#8211; D\u00e9bat&nbsp;<\/p>\n\n\n\n<p>Ore 11.45 &#8211; Synth\u00e8se et cl\u00f4ture&nbsp;<\/p>\n","protected":false},"excerpt":{"rendered":"<p>\u00c0 l\u2019occasion de la parution du n\u00b0 50, l\u2019\u00e9quipe des Carnets de lecture de Publif@rum&nbsp; &nbsp;vous invite \u00e0 la visio-conf\u00e9rence: Linguistique fran\u00e7aise, \u00e9dition, diffusion : France et Italie, regards crois\u00e9s 10 novembre 2023 Pour participer \u00e0 la visio-conf\u00e9rence : https:\/\/us02web.zoom.us\/j\/5140913867?pwd=U1JwRHQ4Ukl1L0ZLdmgvZTJCQnU1UT09 Ore 9.30 &#8211; Accueil &#8211; Pr\u00e9sentation des Carnets &nbsp;&nbsp;&nbsp;&nbsp;&nbsp;&nbsp;&nbsp;&nbsp;&nbsp;&nbsp;&nbsp;&nbsp;&nbsp;&nbsp;&nbsp;&nbsp;&nbsp;Paola Paissa Ore 9.45 &#8211; Diriger des\u2026 <span class=\"read-more\"><a href=\"http:\/\/www.farum.it\/lectures\/carnets-de-lecture-n-50\/\">Leggi tutto &raquo;<\/a><\/span><\/p>\n","protected":false},"author":1,"featured_media":0,"parent":0,"menu_order":0,"comment_status":"closed","ping_status":"closed","template":"","meta":{"footnotes":""},"class_list":["post-993","page","type-page","status-publish","hentry"],"_links":{"self":[{"href":"http:\/\/www.farum.it\/lectures\/wp-json\/wp\/v2\/pages\/993"}],"collection":[{"href":"http:\/\/www.farum.it\/lectures\/wp-json\/wp\/v2\/pages"}],"about":[{"href":"http:\/\/www.farum.it\/lectures\/wp-json\/wp\/v2\/types\/page"}],"author":[{"embeddable":true,"href":"http:\/\/www.farum.it\/lectures\/wp-json\/wp\/v2\/users\/1"}],"replies":[{"embeddable":true,"href":"http:\/\/www.farum.it\/lectures\/wp-json\/wp\/v2\/comments?post=993"}],"version-history":[{"count":2,"href":"http:\/\/www.farum.it\/lectures\/wp-json\/wp\/v2\/pages\/993\/revisions"}],"predecessor-version":[{"id":1024,"href":"http:\/\/www.farum.it\/lectures\/wp-json\/wp\/v2\/pages\/993\/revisions\/1024"}],"wp:attachment":[{"href":"http:\/\/www.farum.it\/lectures\/wp-json\/wp\/v2\/media?parent=993"}],"curies":[{"name":"wp","href":"https:\/\/api.w.org\/{rel}","templated":true}]}}